{"id":100,"date":"2026-02-24T12:21:26","date_gmt":"2026-02-24T10:21:26","guid":{"rendered":"https:\/\/smartops.cz\/o-nas\/?page_id=100"},"modified":"2026-02-24T12:23:05","modified_gmt":"2026-02-24T10:23:05","slug":"poradenstvi-v-oblasti-ai","status":"publish","type":"page","link":"https:\/\/smartops.cz\/o-nas\/poradenstvi-v-oblasti-ai\/","title":{"rendered":"AI poradenstv\u00ed"},"content":{"rendered":"\n<p><\/p>\n\n\n\n<p>V oblasti um\u011bl\u00e9 inteligence se zam\u011b\u0159ujeme zejm\u00e9na na vyu\u017eit\u00ed modern\u00edch jazykov\u00fdch model\u016f a automatiza\u010dn\u00edch syst\u00e9m\u016f p\u0159i firemn\u00ed komunikaci a p\u0159ekladech. Pom\u00e1h\u00e1me firm\u00e1m efektivn\u011b zav\u00e1d\u011bt AI technologie do praxe, od n\u00e1vrhu architektury po testov\u00e1n\u00ed na re\u00e1ln\u00fdch datech.<\/p>\n\n\n\n<p>Poskytujeme komplexn\u00ed slu\u017eby v n\u00e1sleduj\u00edc\u00edch oblastech:<\/p>\n\n\n\n<ul class=\"wp-block-list\">\n<li><strong>Nastaven\u00ed a implementace AI syst\u00e9m\u016f pro automatizovan\u00e9 p\u0159eklady<\/strong><br>(v\u010detn\u011b n\u00e1vrhu custom prompt\u016f, integrace do intern\u00edch n\u00e1stroj\u016f a testov\u00e1n\u00ed s re\u00e1ln\u00fdmi daty)<\/li>\n\n\n\n<li><strong>V\u00fdvoj a nasazen\u00ed autonomn\u00edch AI agent\u016f<\/strong><br>pro optimalizaci p\u0159ekladov\u00fdch proces\u016f s podporou v\u00edce jazyk\u016f, terminologickou konzistenc\u00ed a post-editing workflow<\/li>\n\n\n\n<li><strong>Implementace AI-driven p\u0159ekladov\u00e9ho \u0159et\u011bzce<\/strong><br>\u2013 od zdrojov\u00e9ho textu po fin\u00e1ln\u00ed lokalizovan\u00fd obsah<br>(kombinace DeepL, vlastn\u00edch LLM model\u016f a c\u00edlen\u00e9ho fine-tuningu)<\/li>\n\n\n\n<li><strong>Anal\u00fdza a optimalizace st\u00e1vaj\u00edc\u00edch p\u0159ekladov\u00fdch proces\u016f<\/strong><br>pomoc\u00ed AI \u2013 identifikujeme \u00fazk\u00e1 m\u00edsta, doporu\u010d\u00edme vhodn\u00e9 n\u00e1stroje a navrhneme pilotn\u00ed automatizaci t\u0159\u00ed nej\u010dast\u011bj\u0161\u00edch typ\u016f p\u0159eklad\u016f<\/li>\n<\/ul>\n\n\n\n<p>Kombinujeme na\u0161e dlouholet\u00e9 zku\u0161enosti s p\u0159eklady a IT s nov\u00fdmi mo\u017enostmi um\u011bl\u00e9 inteligence. V\u00fdsledkem jsou efektivn\u00ed a spolehliv\u00e9 p\u0159ekladov\u00e9 procesy, kter\u00e9 \u0161et\u0159\u00ed \u010das a zvy\u0161uj\u00ed kvalitu v\u00fdstup\u016f.<\/p>\n","protected":false},"excerpt":{"rendered":"<p>V oblasti um\u011bl\u00e9 inteligence se zam\u011b\u0159ujeme zejm\u00e9na na vyu\u017eit\u00ed modern\u00edch jazykov\u00fdch model\u016f a automatiza\u010dn\u00edch syst\u00e9m\u016f p\u0159i firemn\u00ed komunikaci a p\u0159ekladech. Pom\u00e1h\u00e1me firm\u00e1m efektivn\u011b zav\u00e1d\u011bt AI technologie do praxe, od n\u00e1vrhu architektury po testov\u00e1n\u00ed na re\u00e1ln\u00fdch datech. Poskytujeme komplexn\u00ed slu\u017eby v n\u00e1sleduj\u00edc\u00edch oblastech: Kombinujeme na\u0161e dlouholet\u00e9 zku\u0161enosti s p\u0159eklady a IT s nov\u00fdmi mo\u017enostmi um\u011bl\u00e9 inteligence. &hellip; <\/p>\n<p class=\"link-more\"><a href=\"https:\/\/smartops.cz\/o-nas\/poradenstvi-v-oblasti-ai\/\" class=\"more-link\">Pokra\u010dovat ve \u010dten\u00ed<span class=\"screen-reader-text\"> &#8222;AI poradenstv\u00ed&#8220;<\/span><\/a><\/p>\n","protected":false},"author":1,"featured_media":0,"parent":0,"menu_order":0,"comment_status":"closed","ping_status":"closed","template":"","meta":{"footnotes":""},"class_list":["post-100","page","type-page","status-publish","hentry","entry"],"_links":{"self":[{"href":"https:\/\/smartops.cz\/o-nas\/wp-json\/wp\/v2\/pages\/100","targetHints":{"allow":["GET"]}}],"collection":[{"href":"https:\/\/smartops.cz\/o-nas\/wp-json\/wp\/v2\/pages"}],"about":[{"href":"https:\/\/smartops.cz\/o-nas\/wp-json\/wp\/v2\/types\/page"}],"author":[{"embeddable":true,"href":"https:\/\/smartops.cz\/o-nas\/wp-json\/wp\/v2\/users\/1"}],"replies":[{"embeddable":true,"href":"https:\/\/smartops.cz\/o-nas\/wp-json\/wp\/v2\/comments?post=100"}],"version-history":[{"count":3,"href":"https:\/\/smartops.cz\/o-nas\/wp-json\/wp\/v2\/pages\/100\/revisions"}],"predecessor-version":[{"id":105,"href":"https:\/\/smartops.cz\/o-nas\/wp-json\/wp\/v2\/pages\/100\/revisions\/105"}],"wp:attachment":[{"href":"https:\/\/smartops.cz\/o-nas\/wp-json\/wp\/v2\/media?parent=100"}],"curies":[{"name":"wp","href":"https:\/\/api.w.org\/{rel}","templated":true}]}}