{"id":18,"date":"2020-08-31T15:08:00","date_gmt":"2020-08-31T13:08:00","guid":{"rendered":"https:\/\/smartops.cz\/?page_id=18"},"modified":"2021-04-19T14:01:44","modified_gmt":"2021-04-19T12:01:44","slug":"nase-cinnost","status":"publish","type":"page","link":"https:\/\/smartops.cz\/o-nas\/nase-cinnost\/","title":{"rendered":"Na\u0161e \u010dinnost"},"content":{"rendered":"\n<p>Otev\u0159ete si str\u00e1nky jednotliv\u00fdch \u010dinnosti p\u0159es Menu.<\/p>\n","protected":false},"excerpt":{"rendered":"<p>Otev\u0159ete si str\u00e1nky jednotliv\u00fdch \u010dinnosti p\u0159es Menu.<\/p>\n","protected":false},"author":1,"featured_media":0,"parent":0,"menu_order":0,"comment_status":"closed","ping_status":"closed","template":"","meta":{"footnotes":""},"class_list":["post-18","page","type-page","status-publish","hentry","entry"],"_links":{"self":[{"href":"https:\/\/smartops.cz\/o-nas\/wp-json\/wp\/v2\/pages\/18","targetHints":{"allow":["GET"]}}],"collection":[{"href":"https:\/\/smartops.cz\/o-nas\/wp-json\/wp\/v2\/pages"}],"about":[{"href":"https:\/\/smartops.cz\/o-nas\/wp-json\/wp\/v2\/types\/page"}],"author":[{"embeddable":true,"href":"https:\/\/smartops.cz\/o-nas\/wp-json\/wp\/v2\/users\/1"}],"replies":[{"embeddable":true,"href":"https:\/\/smartops.cz\/o-nas\/wp-json\/wp\/v2\/comments?post=18"}],"version-history":[{"count":4,"href":"https:\/\/smartops.cz\/o-nas\/wp-json\/wp\/v2\/pages\/18\/revisions"}],"predecessor-version":[{"id":60,"href":"https:\/\/smartops.cz\/o-nas\/wp-json\/wp\/v2\/pages\/18\/revisions\/60"}],"wp:attachment":[{"href":"https:\/\/smartops.cz\/o-nas\/wp-json\/wp\/v2\/media?parent=18"}],"curies":[{"name":"wp","href":"https:\/\/api.w.org\/{rel}","templated":true}]}}