{"id":21,"date":"2020-08-31T15:09:23","date_gmt":"2020-08-31T13:09:23","guid":{"rendered":"https:\/\/smartops.cz\/?page_id=21"},"modified":"2020-09-01T15:35:29","modified_gmt":"2020-09-01T13:35:29","slug":"kontakty","status":"publish","type":"page","link":"https:\/\/smartops.cz\/o-nas\/kontakty\/","title":{"rendered":"Kontakty"},"content":{"rendered":"\n<p>SmartOps s.r.o.<br>Jurkovi\u010dova 988\/24, H\u00e1je, 149 00 Praha 4<br>I\u010cO: 090 42 822<br>DI\u010c: CZ 09042822<\/p>\n\n\n\n<p>E-mail: info@smartops.cz<\/p>\n","protected":false},"excerpt":{"rendered":"<p>SmartOps s.r.o.Jurkovi\u010dova 988\/24, H\u00e1je, 149 00 Praha 4I\u010cO: 090 42 822DI\u010c: CZ 09042822 E-mail: info@smartops.cz<\/p>\n","protected":false},"author":1,"featured_media":0,"parent":0,"menu_order":0,"comment_status":"closed","ping_status":"closed","template":"","meta":{"footnotes":""},"class_list":["post-21","page","type-page","status-publish","hentry","entry"],"_links":{"self":[{"href":"https:\/\/smartops.cz\/o-nas\/wp-json\/wp\/v2\/pages\/21","targetHints":{"allow":["GET"]}}],"collection":[{"href":"https:\/\/smartops.cz\/o-nas\/wp-json\/wp\/v2\/pages"}],"about":[{"href":"https:\/\/smartops.cz\/o-nas\/wp-json\/wp\/v2\/types\/page"}],"author":[{"embeddable":true,"href":"https:\/\/smartops.cz\/o-nas\/wp-json\/wp\/v2\/users\/1"}],"replies":[{"embeddable":true,"href":"https:\/\/smartops.cz\/o-nas\/wp-json\/wp\/v2\/comments?post=21"}],"version-history":[{"count":2,"href":"https:\/\/smartops.cz\/o-nas\/wp-json\/wp\/v2\/pages\/21\/revisions"}],"predecessor-version":[{"id":33,"href":"https:\/\/smartops.cz\/o-nas\/wp-json\/wp\/v2\/pages\/21\/revisions\/33"}],"wp:attachment":[{"href":"https:\/\/smartops.cz\/o-nas\/wp-json\/wp\/v2\/media?parent=21"}],"curies":[{"name":"wp","href":"https:\/\/api.w.org\/{rel}","templated":true}]}}